{"id":6,"date":"2024-03-01T20:31:35","date_gmt":"2024-03-01T19:31:35","guid":{"rendered":"https:\/\/dadarindz.fr\/?page_id=6"},"modified":"2025-04-02T00:25:43","modified_gmt":"2025-04-01T22:25:43","slug":"accueil","status":"publish","type":"page","link":"https:\/\/dadarindz.fr\/","title":{"rendered":"Accueil"},"content":{"rendered":"\n<div class=\"wp-block-columns is-layout-flex wp-container-core-columns-is-layout-28f84493 wp-block-columns-is-layout-flex\">\n<div class=\"wp-block-column is-layout-flow wp-block-column-is-layout-flow\">\n<figure class=\"wp-block-image size-full\"><img loading=\"lazy\" decoding=\"async\" width=\"516\" height=\"340\" src=\"http:\/\/dadarindz.fr\/wp-content\/uploads\/2024\/04\/DadaComp.jpg\" alt=\"\" class=\"wp-image-46\" srcset=\"https:\/\/dadarindz.fr\/wp-content\/uploads\/2024\/04\/DadaComp.jpg 516w, https:\/\/dadarindz.fr\/wp-content\/uploads\/2024\/04\/DadaComp-300x198.jpg 300w\" sizes=\"auto, (max-width: 516px) 100vw, 516px\" \/><\/figure>\n<\/div>\n\n\n\n<div class=\"wp-block-column is-layout-flow wp-block-column-is-layout-flow\">\n<p>L\u2019objectif de ce projet num\u00e9rique est de cr\u00e9er un site web pour illustrer ma motivation et mon engagement en vue d\u2019une formation sup\u00e9rieure en informatique. <strong>C&rsquo;est mon challenge num\u00e9rique <em>ParcourSup<\/em><\/strong><\/p>\n\n\n\n<p>Je souhaite montrer mon implication concr\u00e8te au-del\u00e0 de mes projets motiv\u00e9s et des textes de mes rubriques citoyennes, sportives et culturelles et au-del\u00e0 de mon parcours scolaire et de ma <em>fiche Avenir.<\/em> <\/p>\n\n\n\n<p>Ma scolarit\u00e9 a \u00e9t\u00e9 impact\u00e9e par des conditions m\u00e9dicales particuli\u00e8res li\u00e9es \u00e0 mon \u00e9pilepsie, entra\u00eenant des absences dues \u00e0 la fatigue. Malgr\u00e9 ces d\u00e9fis, ma d\u00e9termination reste intacte.<\/p>\n\n\n\n<p>Je vous invite explorer mon site afin de d\u00e9couvrir mes projets, mes Soft Skills et mes Mad Skills.<\/p>\n\n\n\n<p class=\"has-small-font-size\"><\/p>\n<\/div>\n<\/div>\n\n\n\n<p><\/p>\n","protected":false},"excerpt":{"rendered":"<p>L\u2019objectif de ce projet num\u00e9rique est de cr\u00e9er un site web pour illustrer ma motivation et mon engagement en vue d\u2019une formation sup\u00e9rieure en informatique. C&rsquo;est mon challenge num\u00e9rique ParcourSup Je souhaite montrer mon implication concr\u00e8te au-del\u00e0 de mes projets motiv\u00e9s et des textes de mes rubriques citoyennes, sportives et culturelles et au-del\u00e0 de mon [&hellip;]<\/p>\n","protected":false},"author":2,"featured_media":0,"parent":0,"menu_order":0,"comment_status":"closed","ping_status":"closed","template":"","meta":{"footnotes":""},"class_list":["post-6","page","type-page","status-publish","hentry"],"blocksy_meta":[],"_links":{"self":[{"href":"https:\/\/dadarindz.fr\/index.php\/wp-json\/wp\/v2\/pages\/6","targetHints":{"allow":["GET"]}}],"collection":[{"href":"https:\/\/dadarindz.fr\/index.php\/wp-json\/wp\/v2\/pages"}],"about":[{"href":"https:\/\/dadarindz.fr\/index.php\/wp-json\/wp\/v2\/types\/page"}],"author":[{"embeddable":true,"href":"https:\/\/dadarindz.fr\/index.php\/wp-json\/wp\/v2\/users\/2"}],"replies":[{"embeddable":true,"href":"https:\/\/dadarindz.fr\/index.php\/wp-json\/wp\/v2\/comments?post=6"}],"version-history":[{"count":6,"href":"https:\/\/dadarindz.fr\/index.php\/wp-json\/wp\/v2\/pages\/6\/revisions"}],"predecessor-version":[{"id":180,"href":"https:\/\/dadarindz.fr\/index.php\/wp-json\/wp\/v2\/pages\/6\/revisions\/180"}],"wp:attachment":[{"href":"https:\/\/dadarindz.fr\/index.php\/wp-json\/wp\/v2\/media?parent=6"}],"curies":[{"name":"wp","href":"https:\/\/api.w.org\/{rel}","templated":true}]}}