{"id":21,"date":"2024-04-02T19:24:53","date_gmt":"2024-04-02T17:24:53","guid":{"rendered":"https:\/\/dadarindz.fr\/?page_id=21"},"modified":"2025-04-28T21:56:43","modified_gmt":"2025-04-28T19:56:43","slug":"mes-photos","status":"publish","type":"page","link":"https:\/\/dadarindz.fr\/index.php\/mes-photos\/","title":{"rendered":"Mes Mad Skills"},"content":{"rendered":"\n<p>Les photos de cette page illustrent mes passions : <\/p>\n\n\n\n<ul class=\"wp-block-list\">\n<li>Voyages dans villes (Bruxelles, Amsterdam, Gr\u00e8ce (Rhodes), Venise, Berlin, Londres,&nbsp;\u2026)<\/li>\n\n\n\n<li>Ciel (Sunset, toits de Paname)<\/li>\n\n\n\n<li>Livres (manga, bcp lecture de livres de petits auteurs) <\/li>\n\n\n\n<li><\/li>\n<\/ul>\n\n\n\n<h2 class=\"wp-block-heading\">Manga <\/h2>\n\n\n\n<p>Fan de manga. J\u2019aime le genre Shonen. Notamment avec la s\u00e9rie <em><strong>Moriarty<\/strong> <\/em>qui r\u00e9invente l\u2019histoire en suivant l\u2019ennemi plut\u00f4t que Sherlock.  On suit les aventures de Moriarty qui n\u2019est plus juste un criminel mais un h\u00e9ros pour les opprim\u00e9s \u00e0 l\u2019\u00e9poque victorienne.<\/p>\n\n\n\n<figure class=\"wp-block-image size-large is-resized\"><img loading=\"lazy\" decoding=\"async\" width=\"768\" height=\"1024\" src=\"https:\/\/dadarindz.fr\/wp-content\/uploads\/2025\/04\/image0-1-768x1024.jpeg\" alt=\"\" class=\"wp-image-203\" style=\"width:351px;height:auto\" srcset=\"https:\/\/dadarindz.fr\/wp-content\/uploads\/2025\/04\/image0-1-768x1024.jpeg 768w, https:\/\/dadarindz.fr\/wp-content\/uploads\/2025\/04\/image0-1-225x300.jpeg 225w, https:\/\/dadarindz.fr\/wp-content\/uploads\/2025\/04\/image0-1-1152x1536.jpeg 1152w, https:\/\/dadarindz.fr\/wp-content\/uploads\/2025\/04\/image0-1-1536x2048.jpeg 1536w, https:\/\/dadarindz.fr\/wp-content\/uploads\/2025\/04\/image0-1-scaled.jpeg 1920w\" sizes=\"auto, (max-width: 768px) 100vw, 768px\" \/><\/figure>\n\n\n\n<p><\/p>\n\n\n\n<h2 class=\"wp-block-heading\">Mes Voyages<\/h2>\n\n\n<ul class=\"wp-block-latest-posts__list has-dates wp-block-latest-posts\"><li><div class=\"wp-block-latest-posts__featured-image alignleft\"><img loading=\"lazy\" decoding=\"async\" width=\"150\" height=\"150\" src=\"https:\/\/dadarindz.fr\/wp-content\/uploads\/2024\/04\/image7-e1713547300650-150x150.jpeg\" class=\"attachment-thumbnail size-thumbnail wp-post-image\" alt=\"\" style=\"\" \/><\/div><a class=\"wp-block-latest-posts__post-title\" href=\"https:\/\/dadarindz.fr\/index.php\/2025\/04\/19\/ciels-parisiens\/\">Ciels parisiens<\/a><time datetime=\"2025-04-19T19:20:00+02:00\" class=\"wp-block-latest-posts__post-date\">19 avril 2025<\/time><div class=\"wp-block-latest-posts__post-excerpt\">J\u2019adore les ciels parisiens, parfois voil\u00e9s de gris pluie, parfois embras\u00e9s par le soleil, parfois \u00e9clair\u00e9s par la lune.<\/div><\/li>\n<li><div class=\"wp-block-latest-posts__featured-image alignleft\"><img loading=\"lazy\" decoding=\"async\" width=\"150\" height=\"150\" src=\"https:\/\/dadarindz.fr\/wp-content\/uploads\/2024\/04\/image3-150x150.jpeg\" class=\"attachment-thumbnail size-thumbnail wp-post-image\" alt=\"\" style=\"\" \/><\/div><a class=\"wp-block-latest-posts__post-title\" href=\"https:\/\/dadarindz.fr\/index.php\/2025\/04\/19\/bruxelles\/\">Bruxelles<\/a><time datetime=\"2025-04-19T19:13:00+02:00\" class=\"wp-block-latest-posts__post-date\">19 avril 2025<\/time><div class=\"wp-block-latest-posts__post-excerpt\">J&rsquo;aime bien Bruxelles, son ambiance : ses murs de BD et ses friteries.<\/div><\/li>\n<\/ul>","protected":false},"excerpt":{"rendered":"<p>Les photos de cette page illustrent mes passions : Manga Fan de manga. J\u2019aime le genre Shonen. Notamment avec la s\u00e9rie Moriarty qui r\u00e9invente l\u2019histoire en suivant l\u2019ennemi plut\u00f4t que Sherlock. On suit les aventures de Moriarty qui n\u2019est plus juste un criminel mais un h\u00e9ros pour les opprim\u00e9s \u00e0 l\u2019\u00e9poque victorienne. Mes Voyages<\/p>\n","protected":false},"author":2,"featured_media":0,"parent":0,"menu_order":0,"comment_status":"closed","ping_status":"closed","template":"","meta":{"footnotes":""},"class_list":["post-21","page","type-page","status-publish","hentry"],"blocksy_meta":[],"_links":{"self":[{"href":"https:\/\/dadarindz.fr\/index.php\/wp-json\/wp\/v2\/pages\/21","targetHints":{"allow":["GET"]}}],"collection":[{"href":"https:\/\/dadarindz.fr\/index.php\/wp-json\/wp\/v2\/pages"}],"about":[{"href":"https:\/\/dadarindz.fr\/index.php\/wp-json\/wp\/v2\/types\/page"}],"author":[{"embeddable":true,"href":"https:\/\/dadarindz.fr\/index.php\/wp-json\/wp\/v2\/users\/2"}],"replies":[{"embeddable":true,"href":"https:\/\/dadarindz.fr\/index.php\/wp-json\/wp\/v2\/comments?post=21"}],"version-history":[{"count":13,"href":"https:\/\/dadarindz.fr\/index.php\/wp-json\/wp\/v2\/pages\/21\/revisions"}],"predecessor-version":[{"id":204,"href":"https:\/\/dadarindz.fr\/index.php\/wp-json\/wp\/v2\/pages\/21\/revisions\/204"}],"wp:attachment":[{"href":"https:\/\/dadarindz.fr\/index.php\/wp-json\/wp\/v2\/media?parent=21"}],"curies":[{"name":"wp","href":"https:\/\/api.w.org\/{rel}","templated":true}]}}